{"id":57,"date":"2017-07-25T08:28:18","date_gmt":"2017-07-25T08:28:18","guid":{"rendered":"http:\/\/localhost\/blessing\/?page_id=57"},"modified":"2026-04-21T04:48:40","modified_gmt":"2026-04-21T04:48:40","slug":"home","status":"publish","type":"page","link":"https:\/\/lapalabraviva.net\/","title":{"rendered":"Home"},"content":{"rendered":"<div class=\"wpb-content-wrapper\"><p>[vc_row content_placement=\u00bbmiddle\u00bb css_animation=\u00bbappear\u00bb fullwidth=\u00bbyes\u00bb css=\u00bb.vc_custom_1746727129087{padding-top: 0px !important;padding-bottom: 0px !important;background-color: #ffffff !important;}\u00bb][vc_column][\/vc_column][\/vc_row][vc_row el_class=\u00bbbg-color\u00bb css=\u00bb.vc_custom_1754064968580{margin-top: 50px !important;margin-right: 100px !important;margin-bottom: 50px !important;margin-left: 100px !important;padding-top: 0px !important;padding-bottom: 0px !important;background: #00487f url(https:\/\/lapalabraviva.net\/wp-content\/uploads\/2025\/08\/FONDO-ACT.jpg?id=16748) !important;background-position: center !important;background-repeat: no-repeat !important;background-size: cover !important;border-radius: 30px !important;}\u00bb][vc_column width=\u00bb1\/2&#8243;][vc_single_image image=\u00bb16732&#8243; img_size=\u00bb450&#215;180&#8243; css=\u00bb.vc_custom_1753232755459{margin-top: 50px !important;margin-left: 50px !important;}\u00bb][vc_column_text css=\u00bb.vc_custom_1776746914292{margin-right: 0px !important;}\u00bb]<audio src=\"https:\/\/stream.zeno.fm\/kq930uv9yxhvv\" autoplay=\"autoplay\" controls=\"controls\"><br \/>\nYour browser does not support the audio element.<br \/>\n<\/audio>[\/vc_column_text][\/vc_column][vc_column width=\u00bb1\/2&#8243; css=\u00bb.vc_custom_1753232971646{margin-top: 80px !important;}\u00bb][vc_column_text]<\/p>\n<h1 style=\"text-align: center;\"><strong><span style=\"color: #ffffff;\">HORARIOS DE SERVICIO<\/span><\/strong><\/h1>\n<p>[\/vc_column_text][vc_column_text]<\/p>\n<h4><span style=\"color: #ffffff;\">Domingo: 8:00 am y 10:30 am<\/span><\/h4>\n<h4><span style=\"color: #ffffff;\">Martes y Jueves: 6:30 pm\u00a0<\/span><\/h4>\n<h4><span style=\"color: #ffffff;\">Mi\u00e9rcoles ayuno y Oraci\u00f3n de hermanas:<\/span><\/h4>\n<h4><span style=\"color: #ffffff;\">8:00 am a 12:00 am<\/span><\/h4>\n<h4><span style=\"color: #ffffff;\">Viernes: Vigilia con previo anuncio 6:00 pm a 12:00pm<\/span><\/h4>\n<p>[\/vc_column_text][\/vc_column][\/vc_row][vc_row css=\u00bb.vc_custom_1754068920995{margin-top: -20px !important;margin-bottom: -20px !important;}\u00bb][vc_column][vc_custom_heading text=\u00bbNUESTRAS REDES\u00bb font_container=\u00bbtag:h2|text_align:center\u00bb use_theme_fonts=\u00bbyes\u00bb css_animation=\u00bbfadeInRight\u00bb][\/vc_column][\/vc_row][vc_row parallax=\u00bbcontent-moving-fade\u00bb css_animation=\u00bbnone\u00bb][vc_column width=\u00bb1\/4&#8243; animate=\u00bbfadeinright\u00bb][vc_hoverbox image=\u00bb16750&#8243; primary_title=\u00bb\u00bb hover_title=\u00bbFacebook\u00bb hover_title_font_container=\u00bbcolor:%23ffffff\u00bb hover_title_google_fonts=\u00bbfont_family:ABeeZee%3Aregular%2Citalic|font_style:400%20regular%3A400%3Anormal\u00bb hover_background_color=\u00bbcustom\u00bb hover_btn_title=\u00bbIngresar\u00bb hover_btn_color=\u00bbwhite\u00bb hover_btn_align=\u00bbcenter\u00bb use_custom_fonts_hover_title=\u00bbtrue\u00bb hover_add_button=\u00bbtrue\u00bb hover_btn_link=\u00bburl:https%3A%2F%2Fwww.facebook.com%2FMinLaPalabraViva|target:_blank\u00bb hover_custom_background=\u00bb#011137&#8243;]<\/p>\n<p style=\"color: white; text-align: center; font-size: 1.2em;\">La Palabra de Dios: viva, cortante y transformadora.<\/p>\n<p>[\/vc_hoverbox][\/vc_column][vc_column width=\u00bb1\/4&#8243; animate=\u00bbfadeinright\u00bb][vc_hoverbox image=\u00bb16753&#8243; primary_title=\u00bb\u00bb hover_title=\u00bbInstagram\u00bb hover_title_font_container=\u00bbcolor:%23ffffff\u00bb hover_title_google_fonts=\u00bbfont_family:ABeeZee%3Aregular%2Citalic|font_style:400%20regular%3A400%3Anormal\u00bb hover_background_color=\u00bbcustom\u00bb hover_btn_title=\u00bbIngresar\u00bb hover_btn_color=\u00bbwhite\u00bb hover_btn_align=\u00bbcenter\u00bb use_custom_fonts_hover_title=\u00bbtrue\u00bb hover_add_button=\u00bbtrue\u00bb hover_btn_link=\u00bburl:https%3A%2F%2Fwww.instagram.com%2Flapalabravivaint%3Futm_source%3Dig_web_button_share_sheet%26igsh%3DZDNlZDc0MzIxNw%3D%3D|target:_blank\u00bb hover_custom_background=\u00bb#011137&#8243;]<\/p>\n<p style=\"color: white; text-align: center; font-size: 1.2em;\">Vis\u00edtanos en Instagram y se parte de La Palabra Viva<\/p>\n<p>[\/vc_hoverbox][\/vc_column][vc_column width=\u00bb1\/4&#8243; animate=\u00bbfadeinright\u00bb][vc_hoverbox image=\u00bb16754&#8243; primary_title=\u00bb\u00bb hover_title=\u00bbYoutube\u00bb hover_title_font_container=\u00bbcolor:%23ffffff\u00bb hover_title_google_fonts=\u00bbfont_family:ABeeZee%3Aregular%2Citalic|font_style:400%20regular%3A400%3Anormal\u00bb hover_background_color=\u00bbcustom\u00bb hover_btn_title=\u00bbIngresar\u00bb hover_btn_color=\u00bbwhite\u00bb hover_btn_align=\u00bbcenter\u00bb use_custom_fonts_hover_title=\u00bbtrue\u00bb hover_add_button=\u00bbtrue\u00bb hover_btn_link=\u00bburl:https%3A%2F%2Fwww.youtube.com%2F%40ministeriolapalabraviva%2Fvideos|target:_blank\u00bb hover_custom_background=\u00bb#011137&#8243;]<\/p>\n<p style=\"color: white; text-align: center; font-size: 1.2em;\">S\u00edguenos en YouTube y mira las mejores predicas de La Palabra Viva<\/p>\n<p>[\/vc_hoverbox][\/vc_column][vc_column width=\u00bb1\/4&#8243;][vc_hoverbox image=\u00bb16755&#8243; primary_title=\u00bb\u00bb hover_title=\u00bbSpotify\u00bb hover_title_font_container=\u00bbcolor:%23ffffff\u00bb hover_title_google_fonts=\u00bbfont_family:ABeeZee%3Aregular%2Citalic|font_style:400%20regular%3A400%3Anormal\u00bb hover_background_color=\u00bbcustom\u00bb hover_btn_title=\u00bbIngresar\u00bb hover_btn_color=\u00bbwhite\u00bb hover_btn_align=\u00bbcenter\u00bb use_custom_fonts_hover_title=\u00bbtrue\u00bb hover_add_button=\u00bbtrue\u00bb hover_btn_link=\u00bburl:https%3A%2F%2Fopen.spotify.com%2Fshow%2F2SFPcyGAfGzOfxVgw9Sno5%3Fsi%3D9b6ccb1e527f43bc%26nd%3D1%26dlsi%3D12a983e1fe934001|target:_blank\u00bb hover_custom_background=\u00bb#011137&#8243;]<\/p>\n<p style=\"color: white; text-align: center; font-size: 1.2em;\">Fortalece tu esp\u00edritu con la voz del Pastor Sergio Sol\u00f3rzano en Spotify.<\/p>\n<p>[\/vc_hoverbox][\/vc_column][\/vc_row][vc_row][vc_column][vc_custom_heading text=\u00bb\u00daLTMAS PREDICACIONES PASTOR SERGIO SOL\u00d3RZANO\u00bb font_container=\u00bbtag:h2|text_align:center\u00bb use_theme_fonts=\u00bbyes\u00bb css_animation=\u00bbfadeInRight\u00bb css=\u00bb.vc_custom_1754068946608{margin-top: -20px !important;margin-bottom: -20px !important;}\u00bb][\/vc_column][\/vc_row][vc_row][vc_column][vc_raw_html]JTNDc3R5bGUlM0UlMEElMjN2aWRlby1zbGlkZXItY29udGFpbmVyJTIwJTdCJTBBJTIwJTIwbWF4LXdpZHRoJTNBJTIwMTAwMHB4JTNCJTBBJTIwJTIwbWFyZ2luJTNBJTIwYXV0byUzQiUwQSUyMCUyMHBhZGRpbmclM0ElMjAyMHB4JTNCJTBBJTIwJTIwYmFja2dyb3VuZCUzQSUyMGxpbmVhci1ncmFkaWVudCUyODEzNWRlZyUyQyUyMCUyM2YwZjRmZiUyQyUyMCUyM2U4ZjBmZiUyOSUzQiUwQSUyMCUyMGJvcmRlci1yYWRpdXMlM0ElMjAxMnB4JTNCJTBBJTIwJTIwYm94LXNoYWRvdyUzQSUyMDAlMjA0cHglMjAxMnB4JTIwcmdiYSUyODAlMkMwJTJDMCUyQzAuMSUyOSUzQiUwQSU3RCUwQSUwQSUyM3ZpZGVvLXNsaWRlciUyMCU3QiUwQSUyMCUyMGRpc3BsYXklM0ElMjBmbGV4JTNCJTBBJTIwJTIwZ2FwJTNBJTIwMjBweCUzQiUwQSUyMCUyMGp1c3RpZnktY29udGVudCUzQSUyMGNlbnRlciUzQiUwQSUyMCUyMGFsaWduLWl0ZW1zJTNBJTIwY2VudGVyJTNCJTBBJTIwJTIwdHJhbnNpdGlvbiUzQSUyMG9wYWNpdHklMjAxcyUyMGVhc2UtaW4tb3V0JTNCJTBBJTIwJTIwb3BhY2l0eSUzQSUyMDElM0IlMEElN0QlMEElMEElMjN2aWRlby1zbGlkZXIuZmFkZS1vdXQlMjAlN0IlMEElMjAlMjBvcGFjaXR5JTNBJTIwMCUzQiUwQSU3RCUwQSUwQSUyM3ZpZGVvLXNsaWRlciUyMGlmcmFtZSUyMCU3QiUwQSUyMCUyMHdpZHRoJTNBJTIwMzIwcHglM0IlMEElMjAlMjBoZWlnaHQlM0ElMjAxODBweCUzQiUwQSUyMCUyMGZsZXgtc2hyaW5rJTNBJTIwMCUzQiUwQSUyMCUyMGJvcmRlci1yYWRpdXMlM0ElMjAxMHB4JTNCJTBBJTIwJTIwYm94LXNoYWRvdyUzQSUyMDAlMjAycHglMjA4cHglMjByZ2JhJTI4MCUyQzAlMkMwJTJDMC4yJTI5JTNCJTBBJTdEJTBBJTNDJTJGc3R5bGUlM0UlMEElMEElM0NkaXYlMjBpZCUzRCUyMnZpZGVvLXNsaWRlci1jb250YWluZXIlMjIlM0UlMEElMjAlMjAlM0NkaXYlMjBpZCUzRCUyMnZpZGVvLXNsaWRlciUyMiUzRSUzQyUyRmRpdiUzRSUwQSUzQyUyRmRpdiUzRSUwQSUwQSUzQ3NjcmlwdCUzRSUwQWNvbnN0JTIwdmlkZW9MaW5rcyUyMCUzRCUyMCU1QiUwQSUyMCUyMCUyMmh0dHBzJTNBJTJGJTJGd3d3LnlvdXR1YmUuY29tJTJGZW1iZWQlMkZQTUtiUG55WFJPRSUyMiUyQyUwQSUyMCUyMCUyMmh0dHBzJTNBJTJGJTJGd3d3LnlvdXR1YmUuY29tJTJGZW1iZWQlMkZJQko4OG84Q2M1ZyUyMiUyQyUwQSUyMCUyMCUyMmh0dHBzJTNBJTJGJTJGd3d3LnlvdXR1YmUuY29tJTJGZW1iZWQlMkZMbXdHWkVDZ0tNYyUyMiUyQyUwQSUyMCUyMCUyMmh0dHBzJTNBJTJGJTJGd3d3LnlvdXR1YmUuY29tJTJGZW1iZWQlMkZuUnZlWFNIbDJDVSUyMiUyQyUwQSUyMCUyMCUyMmh0dHBzJTNBJTJGJTJGd3d3LnlvdXR1YmUuY29tJTJGZW1iZWQlMkZTa2RscHpoOHVtbyUyMiUyQyUwQSUyMCUyMCUyMmh0dHBzJTNBJTJGJTJGd3d3LnlvdXR1YmUuY29tJTJGZW1iZWQlMkZSWVJ6djN1RGVlYyUyMiUyQyUwQSUyMCUyMCUyMmh0dHBzJTNBJTJGJTJGd3d3LnlvdXR1YmUuY29tJTJGZW1iZWQlMkZpaE1aNzRDaDlSdyUyMiUyQyUwQSUyMCUyMCUyMmh0dHBzJTNBJTJGJTJGd3d3LnlvdXR1YmUuY29tJTJGZW1iZWQlMkY2eWliQU9KTVRwWSUyMiUyQyUwQSUyMCUyMCUyMmh0dHBzJTNBJTJGJTJGd3d3LnlvdXR1YmUuY29tJTJGZW1iZWQlMkY0LS1RcmRWcGo1TSUyMiUwQSU1RCUzQiUwQSUwQWxldCUyMGN1cnJlbnRHcm91cCUyMCUzRCUyMDAlM0IlMEFjb25zdCUyMHNsaWRlciUyMCUzRCUyMGRvY3VtZW50LmdldEVsZW1lbnRCeUlkJTI4JTI3dmlkZW8tc2xpZGVyJTI3JTI5JTNCJTBBJTBBZnVuY3Rpb24lMjBsb2FkVmlkZW9zV2l0aEZhZGUlMjglMjklMjAlN0IlMEElMjAlMjBzbGlkZXIuY2xhc3NMaXN0LmFkZCUyOCUyN2ZhZGUtb3V0JTI3JTI5JTNCJTBBJTIwJTIwc2V0VGltZW91dCUyOCUyOCUyOSUyMCUzRCUzRSUyMCU3QiUwQSUyMCUyMCUyMCUyMHNsaWRlci5pbm5lckhUTUwlMjAlM0QlMjAlMjclMjclM0IlMEElMjAlMjAlMjAlMjBmb3IlMjAlMjhsZXQlMjBpJTIwJTNEJTIwMCUzQiUyMGklMjAlM0MlMjAzJTNCJTIwaSUyQiUyQiUyOSUyMCU3QiUwQSUyMCUyMCUyMCUyMCUyMCUyMGNvbnN0JTIwaW5kZXglMjAlM0QlMjAlMjhjdXJyZW50R3JvdXAlMjAlMkElMjAzJTIwJTJCJTIwaSUyOSUyMCUyNSUyMHZpZGVvTGlua3MubGVuZ3RoJTNCJTBBJTIwJTIwJTIwJTIwJTIwJTIwY29uc3QlMjBpZnJhbWUlMjAlM0QlMjBkb2N1bWVudC5jcmVhdGVFbGVtZW50JTI4JTI3aWZyYW1lJTI3JTI5JTNCJTBBJTIwJTIwJTIwJTIwJTIwJTIwaWZyYW1lLnNyYyUyMCUzRCUyMCU2MCUyNCU3QnZpZGVvTGlua3MlNUJpbmRleCU1RCU3RCUzRm11dGUlM0QxJTYwJTNCJTBBJTIwJTIwJTIwJTIwJTIwJTIwaWZyYW1lLmZyYW1lQm9yZGVyJTIwJTNEJTIwJTIyMCUyMiUzQiUwQSUyMCUyMCUyMCUyMCUyMCUyMGlmcmFtZS5hbGxvdyUyMCUzRCUyMCUyMmF1dG9wbGF5JTNCJTIwZW5jcnlwdGVkLW1lZGlhJTIyJTNCJTBBJTIwJTIwJTIwJTIwJTIwJTIwaWZyYW1lLmFsbG93RnVsbHNjcmVlbiUyMCUzRCUyMHRydWUlM0IlMEElMjAlMjAlMjAlMjAlMjAlMjBzbGlkZXIuYXBwZW5kQ2hpbGQlMjhpZnJhbWUlMjklM0IlMEElMjAlMjAlMjAlMjAlN0QlMEElMjAlMjAlMjAlMjBzbGlkZXIuY2xhc3NMaXN0LnJlbW92ZSUyOCUyN2ZhZGUtb3V0JTI3JTI5JTNCJTBBJTIwJTIwJTIwJTIwY3VycmVudEdyb3VwJTIwJTNEJTIwJTI4Y3VycmVudEdyb3VwJTIwJTJCJTIwMSUyOSUyMCUyNSUyME1hdGguY2VpbCUyOHZpZGVvTGlua3MubGVuZ3RoJTIwJTJGJTIwMyUyOSUzQiUwQSUyMCUyMCU3RCUyQyUyMDgwMCUyOSUzQiUwQSU3RCUwQSUwQWxvYWRWaWRlb3NXaXRoRmFkZSUyOCUyOSUzQiUwQXNldEludGVydmFsJTI4bG9hZFZpZGVvc1dpdGhGYWRlJTJDJTIwMTAwMDAlMjklM0IlMjAlMkYlMkYlMjBjYW1iaWElMjBjYWRhJTIwMTAlMjBzZWd1bmRvcyUyMGNvbiUyMGZhZGUlMEElM0MlMkZzY3JpcHQlM0U=[\/vc_raw_html][\/vc_column][\/vc_row][vc_row css=\u00bb.vc_custom_1754068997577{margin-top: -20px !important;margin-bottom: -20px !important;}\u00bb][vc_column][vc_custom_heading text=\u00bbMINISTERIOS\u00bb font_container=\u00bbtag:h2|text_align:center\u00bb use_theme_fonts=\u00bbyes\u00bb css_animation=\u00bbfadeInRight\u00bb][\/vc_column][\/vc_row][vc_row][vc_column width=\u00bb1\/4&#8243;][vc_hoverbox image=\u00bb16762&#8243; primary_title=\u00bb\u00bb hover_title=\u00bbEl Buen Samaritano\u00bb hover_title_font_container=\u00bbcolor:%23ffffff\u00bb hover_title_google_fonts=\u00bbfont_family:ABeeZee%3Aregular%2Citalic|font_style:400%20regular%3A400%3Anormal\u00bb hover_background_color=\u00bbcustom\u00bb hover_btn_title=\u00bbIngresar\u00bb hover_btn_color=\u00bbwhite\u00bb hover_btn_align=\u00bbcenter\u00bb use_custom_fonts_hover_title=\u00bbtrue\u00bb hover_add_button=\u00bbtrue\u00bb hover_btn_link=\u00bburl:https%3A%2F%2Fwww.facebook.com%2Fprofile.php%3Fid%3D100063873078458|target:_blank\u00bb hover_custom_background=\u00bb#011137&#8243;]<\/p>\n<p style=\"color: white; text-align: center; font-size: 1.2em;\">Conoce el trabajo realizado por este ministerio, llevando un mensaje de amor y salvaci\u00f3n al necesitado que a\u00fan no conoce al Se\u00f1or.<\/p>\n<p>[\/vc_hoverbox][\/vc_column][vc_column width=\u00bb1\/4&#8243;][vc_hoverbox image=\u00bb16763&#8243; primary_title=\u00bb\u00bb hover_title=\u00bbMinisterio de Mujeres\u00bb hover_title_font_container=\u00bbcolor:%23ffffff\u00bb hover_title_google_fonts=\u00bbfont_family:ABeeZee%3Aregular%2Citalic|font_style:400%20regular%3A400%3Anormal\u00bb hover_background_color=\u00bbcustom\u00bb hover_btn_title=\u00bbIngresar\u00bb hover_btn_color=\u00bbwhite\u00bb hover_btn_align=\u00bbcenter\u00bb use_custom_fonts_hover_title=\u00bbtrue\u00bb hover_add_button=\u00bbtrue\u00bb hover_btn_link=\u00bburl:https%3A%2F%2Fwww.facebook.com%2Fmujereslapalabraviva|target:_blank\u00bb hover_custom_background=\u00bb#011137&#8243;]<\/p>\n<p style=\"color: white; text-align: center; font-size: 1.2em;\">Conoce el trabajo realizado por este ministerio, Mujeres de oracion fervorosa orando y intercediendo todos los miercoles.<\/p>\n<p>[\/vc_hoverbox][\/vc_column][vc_column width=\u00bb1\/4&#8243;][vc_hoverbox image=\u00bb16764&#8243; primary_title=\u00bb\u00bb hover_title=\u00bbMinisterio Juventud PV\u00bb hover_title_font_container=\u00bbcolor:%23ffffff\u00bb hover_title_google_fonts=\u00bbfont_family:ABeeZee%3Aregular%2Citalic|font_style:400%20regular%3A400%3Anormal\u00bb hover_background_color=\u00bbcustom\u00bb hover_btn_title=\u00bbIngresar\u00bb hover_btn_color=\u00bbwhite\u00bb hover_btn_align=\u00bbcenter\u00bb use_custom_fonts_hover_title=\u00bbtrue\u00bb hover_add_button=\u00bbtrue\u00bb hover_btn_link=\u00bburl:https%3A%2F%2Fwww.facebook.com%2FjuventudLPV%2Fabout%2F%3Fref%3Dpage_internal|target:_blank\u00bb hover_custom_background=\u00bb#011137&#8243;]<\/p>\n<p style=\"color: white; text-align: center; font-size: 1.2em;\">Conoce la ardua labor de nuestros j\u00f3venes llevando el mensaje de salvaci\u00f3n a la juventud que a\u00fan no conoce a su salvador.<\/p>\n<p>[\/vc_hoverbox][\/vc_column][vc_column width=\u00bb1\/4&#8243;][vc_hoverbox image=\u00bb16765&#8243; primary_title=\u00bb\u00bb hover_title=\u00bbMinisterio Escuela Biblica\u00bb hover_title_font_container=\u00bbcolor:%23ffffff\u00bb hover_title_google_fonts=\u00bbfont_family:ABeeZee%3Aregular%2Citalic|font_style:400%20regular%3A400%3Anormal\u00bb hover_background_color=\u00bbcustom\u00bb hover_btn_title=\u00bbIngresar\u00bb hover_btn_color=\u00bbwhite\u00bb hover_btn_align=\u00bbcenter\u00bb use_custom_fonts_hover_title=\u00bbtrue\u00bb hover_add_button=\u00bbtrue\u00bb hover_btn_link=\u00bburl:https%3A%2F%2Fwww.facebook.com%2FEscuelaBiblicaLaPalabraViva|target:_blank\u00bb hover_custom_background=\u00bb#011137&#8243;]<\/p>\n<p style=\"color: white; text-align: center; font-size: 1.2em;\">Reconocemos que los ni\u00f1os necesitan ser instruidos por la palabra de Dios, en cada culto para recibir de su amor y salvaci\u00f3n.<\/p>\n<p>[\/vc_hoverbox][\/vc_column][\/vc_row]<\/p>\n<\/div>","protected":false},"excerpt":{"rendered":"<p>[vc_row content_placement=\u00bbmiddle\u00bb css_animation=\u00bbappear\u00bb fullwidth=\u00bbyes\u00bb css=\u00bb.vc_custom_1746727129087{padding-top: 0px !important;padding-bottom: 0px !important;background-color: #ffffff !important;}\u00bb][vc_column][\/vc_column][\/vc_row][vc_row el_class=\u00bbbg-color\u00bb css=\u00bb.vc_custom_1754064968580{margin-top: 50px !important;margin-right: 100px !important;margin-bottom: 50px !important;margin-left: 100px !important;padding-top: 0px !important;padding-bottom: 0px !important;background: #00487f url(https:\/\/lapalabraviva.net\/wp-content\/uploads\/2025\/08\/FONDO-ACT.jpg?id=16748) !important;background-position: center !important;background-repeat: [&hellip;]<\/p>\n","protected":false},"author":1,"featured_media":0,"parent":0,"menu_order":0,"comment_status":"closed","ping_status":"closed","template":"page-templates\/template-fullwidth.php","meta":{"footnotes":""},"class_list":["post-57","page","type-page","status-publish","hentry"],"_links":{"self":[{"href":"https:\/\/lapalabraviva.net\/index.php?rest_route=\/wp\/v2\/pages\/57","targetHints":{"allow":["GET"]}}],"collection":[{"href":"https:\/\/lapalabraviva.net\/index.php?rest_route=\/wp\/v2\/pages"}],"about":[{"href":"https:\/\/lapalabraviva.net\/index.php?rest_route=\/wp\/v2\/types\/page"}],"author":[{"embeddable":true,"href":"https:\/\/lapalabraviva.net\/index.php?rest_route=\/wp\/v2\/users\/1"}],"replies":[{"embeddable":true,"href":"https:\/\/lapalabraviva.net\/index.php?rest_route=%2Fwp%2Fv2%2Fcomments&post=57"}],"version-history":[{"count":247,"href":"https:\/\/lapalabraviva.net\/index.php?rest_route=\/wp\/v2\/pages\/57\/revisions"}],"predecessor-version":[{"id":16874,"href":"https:\/\/lapalabraviva.net\/index.php?rest_route=\/wp\/v2\/pages\/57\/revisions\/16874"}],"wp:attachment":[{"href":"https:\/\/lapalabraviva.net\/index.php?rest_route=%2Fwp%2Fv2%2Fmedia&parent=57"}],"curies":[{"name":"wp","href":"https:\/\/api.w.org\/{rel}","templated":true}]}}